{"id":76251,"date":"2025-06-16T11:23:17","date_gmt":"2025-06-16T11:23:17","guid":{"rendered":"https:\/\/www.uta-pippig.com\/?page_id=76251"},"modified":"2025-06-16T11:35:19","modified_gmt":"2025-06-16T11:35:19","slug":"retreat","status":"publish","type":"page","link":"https:\/\/www.uta-pippig.com\/de\/event-days\/retreat\/","title":{"rendered":"Event Days &#8211; Retreat"},"content":{"rendered":"<div data-elementor-type=\"wp-post\" data-elementor-id=\"76251\" class=\"elementor elementor-76251\">\n\t\t\t\t\t\t<section class=\"elementor-section elementor-top-section elementor-element elementor-element-4dc5c4e elementor-section-boxed elementor-section-height-default elementor-section-height-default\" data-id=\"4dc5c4e\" data-element_type=\"section\">\n\t\t\t\t\t\t<div class=\"elementor-container elementor-column-gap-default\">\n\t\t\t\t\t<div class=\"elementor-column elementor-col-100 elementor-top-column elementor-element elementor-element-f275e46\" data-id=\"f275e46\" data-element_type=\"column\">\n\t\t\t<div class=\"elementor-widget-wrap elementor-element-populated\">\n\t\t\t\t\t\t<div class=\"elementor-element elementor-element-72795a0 elementor-widget elementor-widget-radiant-custom-heading\" data-id=\"72795a0\" data-element_type=\"widget\" data-widget_type=\"radiant-custom-heading.default\">\n\t\t\t\t<div class=\"elementor-widget-container\">\n\t\t\t\t\t<div class=\"rt-hover-heading\"><h2 class=\"rt-title-heading\"><span class=\"head-txt\"><span class=\"rt-highlight-txt\">Event Days - Retreat<span  class=\"rt-underline-txt\"><svg width=\"100%\" height=\"17\" viewbox=\"0 0 300 17\" fill=\"#FFEEAF\" xmlns=\"http:\/\/www.w3.org\/2000\/svg\">\n<rect width=\"100%\" height=\"17\"><\/rect>\n<\/svg><\/span><\/span><\/span><\/h2>\n                <\/div>\t\t\t\t<\/div>\n\t\t\t\t<\/div>\n\t\t\t\t<section class=\"elementor-section elementor-inner-section elementor-element elementor-element-45b4836 elementor-section-boxed elementor-section-height-default elementor-section-height-default\" data-id=\"45b4836\" data-element_type=\"section\">\n\t\t\t\t\t\t<div class=\"elementor-container elementor-column-gap-default\">\n\t\t\t\t\t<div class=\"elementor-column elementor-col-50 elementor-inner-column elementor-element elementor-element-d512426\" data-id=\"d512426\" data-element_type=\"column\">\n\t\t\t<div class=\"elementor-widget-wrap elementor-element-populated\">\n\t\t\t\t\t\t<div class=\"elementor-element elementor-element-9ece42c elementor-widget elementor-widget-image\" data-id=\"9ece42c\" data-element_type=\"widget\" data-widget_type=\"image.default\">\n\t\t\t\t<div class=\"elementor-widget-container\">\n\t\t\t\t\t\t\t\t\t\t\t\t\t\t\t<img fetchpriority=\"high\" decoding=\"async\" width=\"1024\" height=\"803\" src=\"https:\/\/www.uta-pippig.com\/wp-content\/uploads\/2024\/01\/2runnnew1-1024x803.png\" class=\"attachment-large size-large wp-image-74670\" alt=\"\" srcset=\"https:\/\/www.uta-pippig.com\/wp-content\/uploads\/2024\/01\/2runnnew1-1024x803.png 1024w, https:\/\/www.uta-pippig.com\/wp-content\/uploads\/2024\/01\/2runnnew1-300x235.png 300w, https:\/\/www.uta-pippig.com\/wp-content\/uploads\/2024\/01\/2runnnew1-768x602.png 768w, https:\/\/www.uta-pippig.com\/wp-content\/uploads\/2024\/01\/2runnnew1-1536x1204.png 1536w, https:\/\/www.uta-pippig.com\/wp-content\/uploads\/2024\/01\/2runnnew1-15x12.png 15w, https:\/\/www.uta-pippig.com\/wp-content\/uploads\/2024\/01\/2runnnew1.png 1541w\" sizes=\"(max-width: 1024px) 100vw, 1024px\" \/>\t\t\t\t\t\t\t\t\t\t\t\t\t\t\t<\/div>\n\t\t\t\t<\/div>\n\t\t\t\t\t<\/div>\n\t\t<\/div>\n\t\t\t\t<div class=\"elementor-column elementor-col-50 elementor-inner-column elementor-element elementor-element-b3bd029\" data-id=\"b3bd029\" data-element_type=\"column\">\n\t\t\t<div class=\"elementor-widget-wrap elementor-element-populated\">\n\t\t\t\t\t\t<div class=\"elementor-element elementor-element-a66a21c elementor-widget elementor-widget-heading\" data-id=\"a66a21c\" data-element_type=\"widget\" data-widget_type=\"heading.default\">\n\t\t\t\t<div class=\"elementor-widget-container\">\n\t\t\t\t\t<h4 class=\"elementor-heading-title elementor-size-default\">Retreat mit Uta Pippig und Eckard Minx\u00a0<\/h4>\t\t\t\t<\/div>\n\t\t\t\t<\/div>\n\t\t\t\t<div class=\"elementor-element elementor-element-a92d058 elementor-invisible elementor-widget elementor-widget-text-editor\" data-id=\"a92d058\" data-element_type=\"widget\" data-settings=\"{&quot;_animation&quot;:&quot;fadeInUp&quot;}\" data-widget_type=\"text-editor.default\">\n\t\t\t\t<div class=\"elementor-widget-container\">\n\t\t\t\t\t\t\t\t\t<p><span lang=\"de-DE\">In einer Zeit der Ver\u00e4nderungen wird geistige und k\u00f6rperliche Ausgeglichenheit existenziell und zur eigenen Verantwortung f\u00fcr ein tiefes Eintauchen zwischen Geist und K\u00f6rper.\u00a0<\/span><\/p>\t\t\t\t\t\t\t\t<\/div>\n\t\t\t\t<\/div>\n\t\t\t\t<div class=\"elementor-element elementor-element-d60f15e elementor-invisible elementor-widget elementor-widget-text-editor\" data-id=\"d60f15e\" data-element_type=\"widget\" data-settings=\"{&quot;_animation&quot;:&quot;fadeInUp&quot;}\" data-widget_type=\"text-editor.default\">\n\t\t\t\t<div class=\"elementor-widget-container\">\n\t\t\t\t\t\t\t\t\t<p><span lang=\"de-DE\">Uta Pippig und Prof. Dr. Eckard Minx laden zweimal im Jahr zu einem besonderen Retreat ein \u2013 einer Auszeit, die weit \u00fcber klassische Formate hinausgeht. In einem bewusst kleinen, ausgesuchten Teilnehmerkreis entsteht Raum f\u00fcr eine einmalige Erfahrung: Das tiefe Eintauchen in jahrzehntelange gelebte Praxis, Wissen und Inspiration.<\/span><\/p>\t\t\t\t\t\t\t\t<\/div>\n\t\t\t\t<\/div>\n\t\t\t\t<div class=\"elementor-element elementor-element-502e766 elementor-invisible elementor-widget elementor-widget-text-editor\" data-id=\"502e766\" data-element_type=\"widget\" data-settings=\"{&quot;_animation&quot;:&quot;fadeInUp&quot;}\" data-widget_type=\"text-editor.default\">\n\t\t\t\t<div class=\"elementor-widget-container\">\n\t\t\t\t\t\t\t\t\t<p><span lang=\"de-DE\">Uta Pippig \u2013 Olympiateilnehmerin, Boston- und Berlin-Marathon-Siegerin, Meditations- und Ayurveda Yogalehrerin \u2013 und Eckard Minx \u2013 Zukunftsforscher, Vordenker und Strategieberater \u2013 teilen ihre pers\u00f6nlichen Wege zu k\u00f6rperlicher und geistiger Fitness. Meditation, achtsames Laufen, bewusstes Wandern und Austausch in der Natur verschmelzen zu einer intensiven Lernerfahrung.<\/span><\/p>\t\t\t\t\t\t\t\t<\/div>\n\t\t\t\t<\/div>\n\t\t\t\t<div class=\"elementor-element elementor-element-2684b40 elementor-invisible elementor-widget elementor-widget-text-editor\" data-id=\"2684b40\" data-element_type=\"widget\" data-settings=\"{&quot;_animation&quot;:&quot;fadeInUp&quot;}\" data-widget_type=\"text-editor.default\">\n\t\t\t\t<div class=\"elementor-widget-container\">\n\t\t\t\t\t\t\t\t\t<p><span lang=\"de-DE\"><b>Informationen, Ort und Termine senden wir gerne per E-Mail zu. Schicken Sie uns dazu bitte eine Anfrage an:<\/b><\/span><\/p><p><a href=\"mailto:retreat@uta-pippig.com\"><b>retreat@uta-pippig.com<\/b><\/a><\/p>\t\t\t\t\t\t\t\t<\/div>\n\t\t\t\t<\/div>\n\t\t\t\t\t<\/div>\n\t\t<\/div>\n\t\t\t\t\t<\/div>\n\t\t<\/section>\n\t\t\t\t\t<\/div>\n\t\t<\/div>\n\t\t\t\t\t<\/div>\n\t\t<\/section>\n\t\t\t\t<\/div>","protected":false},"excerpt":{"rendered":"<p>Event Days &#8211; Retreat Retreat mit Uta Pippig und Eckard Minx\u00a0 In einer Zeit der Ver\u00e4nderungen wird geistige und k\u00f6rperliche Ausgeglichenheit existenziell und zur eigenen Verantwortung f\u00fcr ein tiefes Eintauchen zwischen Geist und K\u00f6rper.\u00a0 Uta Pippig und Prof. Dr. Eckard Minx laden zweimal im Jahr zu einem besonderen Retreat ein \u2013 einer Auszeit, die weit [&hellip;]<\/p>\n","protected":false},"author":2,"featured_media":0,"parent":76260,"menu_order":0,"comment_status":"closed","ping_status":"closed","template":"elementor_header_footer","meta":{"footnotes":""},"class_list":["post-76251","page","type-page","status-publish","hentry"],"yoast_head":"<!-- This site is optimized with the Yoast SEO plugin v27.1.1 - https:\/\/yoast.com\/product\/yoast-seo-wordpress\/ -->\n<title>| Uta Pippig<\/title>\n<meta name=\"robots\" content=\"index, follow, max-snippet:-1, max-image-preview:large, max-video-preview:-1\" \/>\n<link rel=\"canonical\" href=\"https:\/\/www.uta-pippig.com\/de\/event-days\/retreat\/\" \/>\n<meta property=\"og:locale\" content=\"de_DE\" \/>\n<meta property=\"og:type\" content=\"article\" \/>\n<meta property=\"og:title\" content=\"| Uta Pippig\" \/>\n<meta property=\"og:description\" content=\"Event Days &#8211; Retreat Retreat mit Uta Pippig und Eckard Minx\u00a0 In einer Zeit der Ver\u00e4nderungen wird geistige und k\u00f6rperliche Ausgeglichenheit existenziell und zur eigenen Verantwortung f\u00fcr ein tiefes Eintauchen zwischen Geist und K\u00f6rper.\u00a0 Uta Pippig und Prof. Dr. Eckard Minx laden zweimal im Jahr zu einem besonderen Retreat ein \u2013 einer Auszeit, die weit [&hellip;]\" \/>\n<meta property=\"og:url\" content=\"https:\/\/www.uta-pippig.com\/de\/event-days\/retreat\/\" \/>\n<meta property=\"og:site_name\" content=\"Uta Pippig\" \/>\n<meta property=\"article:modified_time\" content=\"2025-06-16T11:35:19+00:00\" \/>\n<meta property=\"og:image\" content=\"https:\/\/www.uta-pippig.com\/wp-content\/uploads\/2024\/01\/2runnnew1-1024x803.png\" \/>\n\t<meta property=\"og:image:width\" content=\"1024\" \/>\n\t<meta property=\"og:image:height\" content=\"803\" \/>\n\t<meta property=\"og:image:type\" content=\"image\/png\" \/>\n<meta name=\"twitter:card\" content=\"summary_large_image\" \/>\n<meta name=\"twitter:label1\" content=\"Gesch\u00e4tzte Lesezeit\" \/>\n\t<meta name=\"twitter:data1\" content=\"1\u00a0Minute\" \/>\n<script type=\"application\/ld+json\" class=\"yoast-schema-graph\">{\"@context\":\"https:\/\/schema.org\",\"@graph\":[{\"@type\":\"WebPage\",\"@id\":\"https:\/\/www.uta-pippig.com\/event-days\/retreat\/\",\"url\":\"https:\/\/www.uta-pippig.com\/event-days\/retreat\/\",\"name\":\"| Uta Pippig\",\"isPartOf\":{\"@id\":\"https:\/\/www.uta-pippig.com\/#website\"},\"primaryImageOfPage\":{\"@id\":\"https:\/\/www.uta-pippig.com\/event-days\/retreat\/#primaryimage\"},\"image\":{\"@id\":\"https:\/\/www.uta-pippig.com\/event-days\/retreat\/#primaryimage\"},\"thumbnailUrl\":\"https:\/\/www.uta-pippig.com\/wp-content\/uploads\/2024\/01\/2runnnew1-1024x803.png\",\"datePublished\":\"2025-06-16T11:23:17+00:00\",\"dateModified\":\"2025-06-16T11:35:19+00:00\",\"breadcrumb\":{\"@id\":\"https:\/\/www.uta-pippig.com\/event-days\/retreat\/#breadcrumb\"},\"inLanguage\":\"de\",\"potentialAction\":[{\"@type\":\"ReadAction\",\"target\":[\"https:\/\/www.uta-pippig.com\/event-days\/retreat\/\"]}]},{\"@type\":\"ImageObject\",\"inLanguage\":\"de\",\"@id\":\"https:\/\/www.uta-pippig.com\/event-days\/retreat\/#primaryimage\",\"url\":\"https:\/\/www.uta-pippig.com\/wp-content\/uploads\/2024\/01\/2runnnew1-1024x803.png\",\"contentUrl\":\"https:\/\/www.uta-pippig.com\/wp-content\/uploads\/2024\/01\/2runnnew1-1024x803.png\"},{\"@type\":\"BreadcrumbList\",\"@id\":\"https:\/\/www.uta-pippig.com\/event-days\/retreat\/#breadcrumb\",\"itemListElement\":[{\"@type\":\"ListItem\",\"position\":1,\"name\":\"Home\",\"item\":\"https:\/\/www.uta-pippig.com\/\"},{\"@type\":\"ListItem\",\"position\":2,\"name\":\"Event Days\",\"item\":\"https:\/\/www.uta-pippig.com\/event-days\/\"},{\"@type\":\"ListItem\",\"position\":3,\"name\":\"Event Days &#8211; Retreat\"}]},{\"@type\":\"WebSite\",\"@id\":\"https:\/\/www.uta-pippig.com\/#website\",\"url\":\"https:\/\/www.uta-pippig.com\/\",\"name\":\"Uta Pippig\",\"description\":\"\",\"publisher\":{\"@id\":\"https:\/\/www.uta-pippig.com\/#organization\"},\"potentialAction\":[{\"@type\":\"SearchAction\",\"target\":{\"@type\":\"EntryPoint\",\"urlTemplate\":\"https:\/\/www.uta-pippig.com\/?s={search_term_string}\"},\"query-input\":{\"@type\":\"PropertyValueSpecification\",\"valueRequired\":true,\"valueName\":\"search_term_string\"}}],\"inLanguage\":\"de\"},{\"@type\":\"Organization\",\"@id\":\"https:\/\/www.uta-pippig.com\/#organization\",\"name\":\"Uta Pippig\",\"url\":\"https:\/\/www.uta-pippig.com\/\",\"logo\":{\"@type\":\"ImageObject\",\"inLanguage\":\"de\",\"@id\":\"https:\/\/www.uta-pippig.com\/#\/schema\/logo\/image\/\",\"url\":\"https:\/\/www.uta-pippig.com\/wp-content\/uploads\/2022\/12\/UTALOGOPROJECTFILE1.png\",\"contentUrl\":\"https:\/\/www.uta-pippig.com\/wp-content\/uploads\/2022\/12\/UTALOGOPROJECTFILE1.png\",\"width\":1500,\"height\":1500,\"caption\":\"Uta Pippig\"},\"image\":{\"@id\":\"https:\/\/www.uta-pippig.com\/#\/schema\/logo\/image\/\"},\"sameAs\":[\"https:\/\/www.instagram.com\/utapippig\/?hl=en-gb\",\"https:\/\/www.linkedin.com\/in\/uta-pippig-5b0201b6\/\"]}]}<\/script>\n<!-- \/ Yoast SEO plugin. -->","yoast_head_json":{"title":"| Uta Pippig","robots":{"index":"index","follow":"follow","max-snippet":"max-snippet:-1","max-image-preview":"max-image-preview:large","max-video-preview":"max-video-preview:-1"},"canonical":"https:\/\/www.uta-pippig.com\/de\/event-days\/retreat\/","og_locale":"de_DE","og_type":"article","og_title":"| Uta Pippig","og_description":"Event Days &#8211; Retreat Retreat mit Uta Pippig und Eckard Minx\u00a0 In einer Zeit der Ver\u00e4nderungen wird geistige und k\u00f6rperliche Ausgeglichenheit existenziell und zur eigenen Verantwortung f\u00fcr ein tiefes Eintauchen zwischen Geist und K\u00f6rper.\u00a0 Uta Pippig und Prof. Dr. Eckard Minx laden zweimal im Jahr zu einem besonderen Retreat ein \u2013 einer Auszeit, die weit [&hellip;]","og_url":"https:\/\/www.uta-pippig.com\/de\/event-days\/retreat\/","og_site_name":"Uta Pippig","article_modified_time":"2025-06-16T11:35:19+00:00","og_image":[{"width":1024,"height":803,"url":"https:\/\/www.uta-pippig.com\/wp-content\/uploads\/2024\/01\/2runnnew1-1024x803.png","type":"image\/png"}],"twitter_card":"summary_large_image","twitter_misc":{"Gesch\u00e4tzte Lesezeit":"1\u00a0Minute"},"schema":{"@context":"https:\/\/schema.org","@graph":[{"@type":"WebPage","@id":"https:\/\/www.uta-pippig.com\/event-days\/retreat\/","url":"https:\/\/www.uta-pippig.com\/event-days\/retreat\/","name":"| Uta Pippig","isPartOf":{"@id":"https:\/\/www.uta-pippig.com\/#website"},"primaryImageOfPage":{"@id":"https:\/\/www.uta-pippig.com\/event-days\/retreat\/#primaryimage"},"image":{"@id":"https:\/\/www.uta-pippig.com\/event-days\/retreat\/#primaryimage"},"thumbnailUrl":"https:\/\/www.uta-pippig.com\/wp-content\/uploads\/2024\/01\/2runnnew1-1024x803.png","datePublished":"2025-06-16T11:23:17+00:00","dateModified":"2025-06-16T11:35:19+00:00","breadcrumb":{"@id":"https:\/\/www.uta-pippig.com\/event-days\/retreat\/#breadcrumb"},"inLanguage":"de","potentialAction":[{"@type":"ReadAction","target":["https:\/\/www.uta-pippig.com\/event-days\/retreat\/"]}]},{"@type":"ImageObject","inLanguage":"de","@id":"https:\/\/www.uta-pippig.com\/event-days\/retreat\/#primaryimage","url":"https:\/\/www.uta-pippig.com\/wp-content\/uploads\/2024\/01\/2runnnew1-1024x803.png","contentUrl":"https:\/\/www.uta-pippig.com\/wp-content\/uploads\/2024\/01\/2runnnew1-1024x803.png"},{"@type":"BreadcrumbList","@id":"https:\/\/www.uta-pippig.com\/event-days\/retreat\/#breadcrumb","itemListElement":[{"@type":"ListItem","position":1,"name":"Home","item":"https:\/\/www.uta-pippig.com\/"},{"@type":"ListItem","position":2,"name":"Event Days","item":"https:\/\/www.uta-pippig.com\/event-days\/"},{"@type":"ListItem","position":3,"name":"Event Days &#8211; Retreat"}]},{"@type":"WebSite","@id":"https:\/\/www.uta-pippig.com\/#website","url":"https:\/\/www.uta-pippig.com\/","name":"Uta Pippig","description":"","publisher":{"@id":"https:\/\/www.uta-pippig.com\/#organization"},"potentialAction":[{"@type":"SearchAction","target":{"@type":"EntryPoint","urlTemplate":"https:\/\/www.uta-pippig.com\/?s={search_term_string}"},"query-input":{"@type":"PropertyValueSpecification","valueRequired":true,"valueName":"search_term_string"}}],"inLanguage":"de"},{"@type":"Organization","@id":"https:\/\/www.uta-pippig.com\/#organization","name":"Uta Pippig","url":"https:\/\/www.uta-pippig.com\/","logo":{"@type":"ImageObject","inLanguage":"de","@id":"https:\/\/www.uta-pippig.com\/#\/schema\/logo\/image\/","url":"https:\/\/www.uta-pippig.com\/wp-content\/uploads\/2022\/12\/UTALOGOPROJECTFILE1.png","contentUrl":"https:\/\/www.uta-pippig.com\/wp-content\/uploads\/2022\/12\/UTALOGOPROJECTFILE1.png","width":1500,"height":1500,"caption":"Uta Pippig"},"image":{"@id":"https:\/\/www.uta-pippig.com\/#\/schema\/logo\/image\/"},"sameAs":["https:\/\/www.instagram.com\/utapippig\/?hl=en-gb","https:\/\/www.linkedin.com\/in\/uta-pippig-5b0201b6\/"]}]}},"_links":{"self":[{"href":"https:\/\/www.uta-pippig.com\/de\/wp-json\/wp\/v2\/pages\/76251","targetHints":{"allow":["GET"]}}],"collection":[{"href":"https:\/\/www.uta-pippig.com\/de\/wp-json\/wp\/v2\/pages"}],"about":[{"href":"https:\/\/www.uta-pippig.com\/de\/wp-json\/wp\/v2\/types\/page"}],"author":[{"embeddable":true,"href":"https:\/\/www.uta-pippig.com\/de\/wp-json\/wp\/v2\/users\/2"}],"replies":[{"embeddable":true,"href":"https:\/\/www.uta-pippig.com\/de\/wp-json\/wp\/v2\/comments?post=76251"}],"version-history":[{"count":13,"href":"https:\/\/www.uta-pippig.com\/de\/wp-json\/wp\/v2\/pages\/76251\/revisions"}],"predecessor-version":[{"id":76281,"href":"https:\/\/www.uta-pippig.com\/de\/wp-json\/wp\/v2\/pages\/76251\/revisions\/76281"}],"up":[{"embeddable":true,"href":"https:\/\/www.uta-pippig.com\/de\/wp-json\/wp\/v2\/pages\/76260"}],"wp:attachment":[{"href":"https:\/\/www.uta-pippig.com\/de\/wp-json\/wp\/v2\/media?parent=76251"}],"curies":[{"name":"wp","href":"https:\/\/api.w.org\/{rel}","templated":true}]}}